{"id":13,"date":"2024-01-02T21:50:44","date_gmt":"2024-01-02T14:50:44","guid":{"rendered":"http:\/\/117.4.34.222:8080\/khoangoaingu.vui.edu.vn\/?page_id=13"},"modified":"2025-09-29T15:58:14","modified_gmt":"2025-09-29T08:58:14","slug":"gioi-thieu","status":"publish","type":"page","link":"http:\/\/14.224.197.18:8080\/khoangoaingu.vui.edu.vn\/gioi-thieu\/","title":{"rendered":"Gi\u1edbi thi\u1ec7u"},"content":{"rendered":"<div style=\"text-align: justify;\">\n<div style=\"text-align: center;\">\n<h3><strong><img loading=\"lazy\" decoding=\"async\" class=\"alignnone size-full wp-image-1162\" src=\"http:\/\/14.224.197.18:8080\/khoangoaingu.vui.edu.vn\/wp-content\/uploads\/2025\/09\/khoa.jpg\" alt=\"\" width=\"2560\" height=\"1440\" srcset=\"http:\/\/14.224.197.18:8080\/khoangoaingu.vui.edu.vn\/wp-content\/uploads\/2025\/09\/khoa.jpg 2560w, http:\/\/14.224.197.18:8080\/khoangoaingu.vui.edu.vn\/wp-content\/uploads\/2025\/09\/khoa-300x169.jpg 300w, http:\/\/14.224.197.18:8080\/khoangoaingu.vui.edu.vn\/wp-content\/uploads\/2025\/09\/khoa-1024x576.jpg 1024w, http:\/\/14.224.197.18:8080\/khoangoaingu.vui.edu.vn\/wp-content\/uploads\/2025\/09\/khoa-768x432.jpg 768w, http:\/\/14.224.197.18:8080\/khoangoaingu.vui.edu.vn\/wp-content\/uploads\/2025\/09\/khoa-1536x864.jpg 1536w, http:\/\/14.224.197.18:8080\/khoangoaingu.vui.edu.vn\/wp-content\/uploads\/2025\/09\/khoa-2048x1152.jpg 2048w\" sizes=\"(max-width: 2560px) 100vw, 2560px\" \/>GI\u1edaI THI\u1ec6U CHUNG V\u1ec0 KHOA<\/strong><\/h3>\n<h3 style=\"text-align: left;\">C\u00c1C B\u1ed8 M\u00d4N TR\u1ef0C THU\u1ed8C<\/h3>\n<ul>\n<li style=\"text-align: left;\">Ti\u1ebfng Anh chuy\u00ean ng\u00e0nh \u2013 Ph\u00f3 Tr\u01b0\u1edfng b\u1ed9 m\u00f4n: ThS. Nguy\u1ec5n Th\u1ecb Nhung.<\/li>\n<li style=\"text-align: left;\">Ti\u1ebfng Anh c\u01a1 s\u1edf &#8211; Ph\u00f3 Tr\u01b0\u1edfng b\u1ed9 m\u00f4n: ThS. Tr\u1ea7n Th\u1ecb Ph\u01b0\u01a1ng Lan<\/li>\n<\/ul>\n<h3 style=\"text-align: left;\">L\u1ecaCH S\u1eec H\u00ccNH TH\u00c0NH V\u00c0 PH\u00c1T TRI\u1ec2N<\/h3>\n<ul>\n<li style=\"text-align: left;\">B\u1ed9 m\u00f4n Ti\u1ebfng Anh thu\u1ed9c Khoa Khoa h\u1ecdc C\u01a1 b\u1ea3n,<\/li>\n<li style=\"text-align: left;\">Trung t\u00e2m Ngo\u1ea1i ng\u1eef<\/li>\n<li style=\"text-align: left;\">N\u0103m 2013- Khoa Ngo\u1ea1i ng\u1eef.<\/li>\n<\/ul>\n<h3 style=\"text-align: left;\">\u0110\u1ed9i ng\u0169 C\u00e1n b\u1ed9 GV:<\/h3>\n<p style=\"text-align: left;\">18 gi\u1ea3ng vi\u00ean, nh\u00e2n vi\u00ean: 01 Ti\u1ebfn s\u0129; 14 Th\u1ea1c s\u0129; 01 C\u1eed nh\u00e2n; \u00a001 CB tr\u1ee3 l\u00fd khoa.<\/p>\n<p style=\"text-align: left;\">C\u00e1c gi\u1ea3ng vi\u00ean c\u00f3 tu\u1ed5i \u0111\u1eddi trung b\u00ecnh c\u00f2n tr\u1ebb, \u0111\u01b0\u1ee3c \u0111\u00e0o t\u1ea1o ch\u00ednh quy t\u1eeb c\u00e1c tr\u01b0\u1eddng \u0110\u1ea1i h\u1ecdc l\u1edbn danh ti\u1ebfng trong n\u01b0\u1edbc v\u00e0 ngo\u00e0i n\u01b0\u1edbc. c\u00f3 tr\u00ecnh \u0111\u1ed9 chuy\u00ean m\u00f4n nghi\u1ec7p v\u1ee5 v\u1eefng v\u00e0ng, c\u00f3 tinh th\u1ea7n tr\u00e1ch nhi\u1ec7m cao trong c\u00f4ng vi\u1ec7c. \u0110\u1ed9i ng\u0169 gi\u1ea3ng vi\u00ean c\u1ee7a Khoa l\u00e0 s\u1ef1 k\u1ebft h\u1ee3p gi\u1eefa c\u00e1c gi\u1ea3ng vi\u00ean t\u1eebng tr\u1ea3i, c\u00f3 nhi\u1ec1u kinh nghi\u1ec7m c\u1ea3 v\u1ec1 chuy\u00ean m\u00f4n, nghi\u1ec7p v\u1ee5 v\u00e0 c\u00e1c gi\u1ea3ng vi\u00ean tr\u1ebb, c\u00f3 ki\u1ebfn th\u1ee9c chuy\u00ean m\u00f4n t\u1ed1t v\u00e0 c\u00f3 l\u00f2ng nhi\u1ec7t t\u00ecnh trong c\u00f4ng vi\u1ec7c.<\/p>\n<h3 style=\"text-align: left;\">C\u01a1 s\u1edf v\u1eadt ch\u1ea5t ph\u1ee5c v\u1ee5:<\/h3>\n<p style=\"text-align: left;\">Th\u01b0 vi\u1ec7n s\u00e1ch, th\u01b0 vi\u1ec7n \u0111i\u1ec7n t\u1eed; 02 ph\u00f2ng th\u1ef1c h\u00e0nh ng\u00f4n ng\u1eef hi\u1ec7n \u0111\u1ea1i; C\u00e1c ph\u00f2ng h\u1ecdc tho\u00e1ng m\u00e1t, \u0111\u01b0\u1ee3c trang b\u1ecb \u0111\u1ea7y \u0111\u1ee7 c\u00e1c trang thi\u1ebft b\u1ecb hi\u1ec7n \u0111\u1ea1i nh\u01b0 h\u1ec7 th\u1ed1ng m\u00e1y chi\u1ebfu \u0111a n\u0103ng, \u0111i\u1ec1u h\u00f2a, v\u00f4 tuy\u1ebfn, \u0111\u00e0i, b\u0103ng \u0111\u0129a, vi t\u00ednh, loa vi t\u00ednh, t\u00e0i li\u1ec7u ti\u1ebfng, s\u00e1ch b\u00e1o ti\u1ebfng Anh c\u00e1c lo\u1ea1i, ph\u1ee5c v\u1ee5 t\u1ed1t cho qu\u00e1 tr\u00ecnh \u0111\u00e0o t\u1ea1o.<\/p>\n<h3 style=\"text-align: left;\">Nhi\u1ec7m v\u1ee5 \u0111\u00e0o t\u1ea1o:<\/h3>\n<p style=\"text-align: left;\">Gi\u1ea3ng d\u1ea1y Ti\u1ebfng Anh cho sinh vi\u00ean chuy\u00ean ng\u1eef, gi\u1ea3ng d\u1ea1y Ti\u1ebfng Anh giao ti\u1ebfp, Ti\u1ebfng Anh c\u00e1c chuy\u00ean ng\u00e0nh, Ti\u1ebfng Anh chu\u1ea9n \u0111\u1ea7u ra cho sinh vi\u00ean to\u00e0n tr\u01b0\u1eddng, v\u00e0 gi\u1ea3ng d\u1ea1y Ti\u1ebfng Anh cho c\u00e1c \u0111\u01a1n v\u1ecb b\u00ean ngo\u00e0i.<\/p>\n<p style=\"text-align: left;\">V\u1edbi l\u00f2ng nhi\u1ec7t huy\u1ebft v\u00e0 tinh th\u1ea7n tr\u00e1ch nhi\u1ec7m cao, c\u00e1c gi\u1ea3ng vi\u00ean c\u1ee7a Khoa\u00a0 \u0111\u00e3 gi\u1ea3ng d\u1ea1y th\u00e0nh c\u00f4ng c\u00e1c kh\u00f3a h\u1ecdc kh\u00f4ng nh\u1eefng cho sinh vi\u00ean trong tr\u01b0\u1eddng m\u00e0 c\u00f2n cho c\u00e1c c\u00e1n b\u1ed9, c\u00f4ng nh\u00e2n k\u1ef9 thu\u1eadt c\u1ee7a c\u00e1c T\u1ed5ng c\u00f4ng ty, c\u00e1c nh\u00e0 m\u00e1y, c\u00e1c x\u00ed nghi\u1ec7p nh\u01b0: T\u1ed5ng C\u00f4ng ty H\u00f3a ch\u1ea5t m\u1ecf Vinacomin, Nh\u00e0 m\u00e1y Z129 \u2013 B\u1ed9 Qu\u1ed1c Ph\u00f2ng,\u00a0 C\u00f4ng ty s\u1ea3n xu\u1ea5t Bioethanol thu\u1ed9c T\u1ed5ng C\u00f4ng ty D\u1ea7u kh\u00ed Vi\u1ec7t Nam, C\u00f4ng ty Xi m\u0103ng \u0110\u1ed3ng B\u00e0nh, C\u00f4ng ty Xi m\u0103ng Mai S\u01a1n, c\u00e1c l\u1edbp v\u0103n b\u1eb1ng 2 v\u00e0 li\u00ean th\u00f4ng \u0111\u1ea1i h\u1ecdc ch\u00ednh quy &#8211; ng\u00e0nh Ng\u00f4n ng\u1eef Anh cho nhi\u1ec1u c\u01a1 s\u1edf, \u0111\u01a1n v\u1ecb kh\u00e1c nhau.<\/p>\n<h3 style=\"text-align: left;\">Ng\u00e0nh Ng\u00f4n ng\u1eef Anh v\u00e0 Ng\u00e0nh Ng\u00f4n Ng\u1eef Trung Qu\u1ed1c:<\/h3>\n<p style=\"text-align: left;\">Vi\u1ec7c \u0111\u00e0o t\u1ea1o Ti\u1ebfng Anh c\u1ee7a Khoa Ngo\u1ea1i ng\u1eef nh\u1eb1m cung c\u1ea5p cho th\u1ecb tr\u01b0\u1eddng nh\u00e2n l\u1ef1c \u0111\u1ed9i ng\u0169 lao \u0111\u1ed9ng &#8211; &#8220;S\u1ea2N PH\u1ea8M K\u00c9P&#8221; &#8211; v\u1eeba gi\u1ecfi ti\u1ebfng Anh\/ Ti\u1ebfng Trung Qu\u1ed1c v\u1eeba v\u1eefng v\u00e0ng trong c\u00f4ng vi\u1ec7c.<\/p>\n<h3 style=\"text-align: left;\">C\u01a1 h\u1ed9i ngh\u1ec1 nghi\u1ec7p:<\/h3>\n<p style=\"text-align: left;\">Sau khi t\u1ed1t nghi\u1ec7p ng\u01b0\u1eddi h\u1ecdc c\u00f3 th\u1ec3 l\u00e0 gi\u1ea3ng vi\u00ean Ti\u1ebfng Anh\/ Ti\u1ebfng Trung Qu\u1ed1c, c\u00f3 th\u1ec3 l\u00e0 Bi\u00ean &#8211; Phi\u00ean d\u1ecbch cho c\u00e1c doanh nghi\u1ec7p trong &#8211; ngo\u00e0i n\u01b0\u1edbc, c\u00f4ng ty, nh\u00e0 m\u00e1y, c\u00e1c d\u1ef1 \u00e1n, c\u00e1c t\u1ed5 ch\u1ee9c qu\u1ed1c t\u1ebf, chi ch\u00ednh ph\u1ee7, c\u00e1c c\u01a1 s\u1edf kinh doanh v\u00e0 c\u00e1c l\u0129nh v\u1ef1c c\u00f3 li\u00ean quan \u0111\u1ebfn Ti\u1ebfng Anh\/ Ti\u1ebfng Trung Qu\u1ed1c<\/p>\n<p style=\"text-align: left;\">N\u1ebfu \u0111\u1ee7 \u0111i\u1ec1u ki\u1ec7n c\u00f3 th\u1ec3 gi\u1ea3ng d\u1ea1y t\u1ea1i c\u00e1c tr\u01b0\u1eddng \u0110\u1ea1i h\u1ecdc, cao \u0111\u1eb3ng, Trung c\u1ea5p chuy\u00ean nghi\u1ec7p v\u00e0 THPT.<\/p>\n<h3 style=\"text-align: left;\">CHU\u1ea8N \u0110\u1ea6U RA: H\u1ec7 \u0111\u00e0o t\u1ea1o ch\u00ednh quy<\/h3>\n<p style=\"text-align: left;\">+ Ki\u1ebfn th\u1ee9c: N\u1eafm v\u1eefng ch\u1ee7 tr\u01b0\u01a1ng, \u0111\u01b0\u1eddng l\u1ed1i c\u1ee7a \u0110\u1ea3ng, ch\u00ednh s\u00e1ch, ph\u00e1p lu\u1eadt c\u1ee7a Nh\u00e0 n\u01b0\u1edbc, c\u00f3 hi\u1ec3u bi\u1ebft v\u1ec1 c\u00e1c nguy\u00ean l\u00fd c\u1ee7a ch\u1ee7 ngh\u0129a M\u00e1c \u2013 L\u00eanin, \u0111\u01b0\u1eddng l\u1ed1i c\u00e1ch m\u1ea1ng c\u1ee7a \u0110\u1ea3ng C\u1ed9ng s\u1ea3n Vi\u1ec7t Nam v\u00e0 t\u01b0 t\u01b0\u1edfng H\u1ed3 Ch\u00ed Minh, c\u00f3 ki\u1ebfn th\u1ee9c c\u01a1 b\u1ea3n trong l\u0129nh v\u1ef1c khoa h\u1ecdc x\u00e3 h\u1ed9i v\u00e0 khoa h\u1ecdc nh\u00e2n v\u0103n l\u00e0m n\u1ec1n t\u1ea3ng ti\u1ebfp thu ki\u1ebfn th\u1ee9c gi\u00e1o d\u1ee5c chuy\u00ean nghi\u1ec7p.<\/p>\n<p style=\"text-align: left;\">C\u00f3 ki\u1ebfn th\u1ee9c n\u1ec1n t\u1ea3ng v\u00e0 chuy\u00ean s\u00e2u v\u1ec1 c\u00e1c c\u1ea5p \u0111\u1ed9 v\u00e0 b\u00ecnh di\u1ec7n c\u1ee7a Ti\u1ebfng Anh nh\u01b0 ng\u1eef \u00e2m, \u00e2m v\u1ecb, t\u1eeb v\u1ef1ng, ng\u1eef ngh\u0129a, v\u0103n h\u00f3a \u2013 v\u0103n h\u1ecdc c\u1ee7a c\u00e1c n\u01b0\u1edbc thu\u1ed9c c\u1ed9ng \u0111\u1ed3ng Anh ng\u1eef; ki\u1ebfn th\u1ee9c Ti\u1ebfng Anh v\u1ec1 kinh t\u1ebf, qu\u1ea3n tr\u1ecb kinh doanh, v\u1ec1 khoa h\u1ecdc c\u00f4ng ngh\u1ec7 \u0111\u1ec3 \u1ee9ng d\u1ee5ng trong c\u00f4ng t\u00e1c chuy\u00ean m\u00f4n v\u00e0 h\u1ed9i nh\u1eadp x\u00e3 h\u1ed9i.<\/p>\n<p style=\"text-align: left;\">+ K\u1ef9 n\u0103ng<\/p>\n<p style=\"text-align: left;\">\u00a0&#8211; C\u00f3 k\u1ef9 n\u0103ng v\u1eadn d\u1ee5ng ki\u1ebfn th\u1ee9c chuy\u00ean m\u00f4n v\u1ec1 ng\u00f4n ng\u1eef, v\u0103n h\u00f3a, x\u00e3 h\u1ed9i v\u00e0 v\u0103n h\u1ecdc v\u00e0o vi\u1ec7c gi\u1ea3i quy\u1ebft nh\u1eefng v\u1ea5n \u0111\u1ec1 c\u1ee5 th\u1ec3 trong c\u00f4ng t\u00e1c.<\/p>\n<p style=\"text-align: left;\">&#8211; C\u00f3 k\u1ef9 n\u0103ng l\u00e0m vi\u1ec7c \u0111\u1ed9c l\u1eadp, l\u00e0m vi\u1ec7c theo nh\u00f3m, kh\u1ea3 n\u0103ng thuy\u1ebft tr\u00ecnh, truy\u1ec1n \u0111\u1ea1t th\u00f4ng tin c\u00f3 hi\u1ec7u qu\u1ea3 v\u00e0 k\u1ef9 n\u0103ng thi\u1ebft y\u1ebfu trong c\u00e1c l\u0129nh v\u1ef1c ho\u1ea1t \u0111\u1ed9ng nghi\u1ec7p v\u1ee5 trong x\u00e3 h\u1ed9i c\u00f4ng nghi\u1ec7p hi\u1ec7n \u0111\u1ea1i.<\/p>\n<p style=\"text-align: left;\">&#8211; C\u00f3 k\u1ef9 n\u0103ng t\u1ef1 t\u00ecm hi\u1ec3u v\u00e0 n\u1eafm b\u1eaft nh\u1eefng c\u01a1 h\u1ed9i ti\u1ebfp c\u1eadn th\u1ecb tr\u01b0\u1eddng lao \u0111\u1ed9ng sau khi t\u1ed1t nghi\u1ec7p.<\/p>\n<p style=\"text-align: left;\">&#8211; S\u1eed d\u1ee5ng th\u00e0nh th\u1ea1o vi t\u00ednh v\u0103n ph\u00f2ng v\u00e0 c\u00e1c ph\u1ea7n m\u1ec1m h\u1ed7 tr\u1ee3 trong c\u00f4ng vi\u1ec7c<\/p>\n<p style=\"text-align: left;\">&#8211; Sinh vi\u00ean t\u1ed1t nghi\u1ec7p Ng\u00e0nh Ng\u00f4n Ng\u1eef Anh ra tr\u01b0\u1eddng s\u1ebd \u0111\u1ea1t tr\u00ecnh \u0111\u1ed9 A2 (theo khung n\u0103ng l\u1ef1c ngo\u1ea1i ng\u1eef 6 b\u1eadc d\u00f9ng cho Vi\u1ec7t Nam) ti\u1ebfng Trung Qu\u1ed1c (t\u00f9y thu\u1ed9c v\u00e0o qu\u00e1 tr\u00ecnh ph\u00e1t tri\u1ec3n, sinh vi\u00ean c\u00f3 th\u1ec3 \u0111\u01b0\u1ee3c h\u1ecdc t\u1eadp c\u00e1c ng\u00f4n ng\u1eef kh\u00e1c nh\u01b0: Ti\u1ebfng H\u00e0n Qu\u1ed1c, ti\u1ebfng Nh\u1eadt, ti\u1ebfng Ph\u00e1p<\/p>\n<p style=\"text-align: left;\">&#8211; \u00a0Sinh vi\u00ean t\u1ed1t nghi\u1ec7p Ng\u00e0nh Ng\u00f4n Ng\u1eef Ti\u1ebfng Trung Qu\u1ed1c ra tr\u01b0\u1eddng s\u1ebd \u0111\u1ea1t tr\u00ecnh \u0111\u1ed9 A2 (theo khung n\u0103ng l\u1ef1c ngo\u1ea1i ng\u1eef 6 b\u1eadc d\u00f9ng cho Vi\u1ec7t Nam) ti\u1ebfng Anh (t\u00f9y thu\u1ed9c v\u00e0o qu\u00e1 tr\u00ecnh ph\u00e1t tri\u1ec3n, sinh vi\u00ean c\u00f3 th\u1ec3 \u0111\u01b0\u1ee3c h\u1ecdc t\u1eadp c\u00e1c ng\u00f4n ng\u1eef kh\u00e1c nh\u01b0: Ti\u1ebfng H\u00e0n Qu\u1ed1c, ti\u1ebfng Nh\u1eadt, ti\u1ebfng Ph\u00e1p<\/p>\n<p style=\"text-align: left;\">&#8211; Trang b\u1ecb cho sinh vi\u00ean c\u00e1c k\u1ef9 n\u0103ng giao ti\u1ebfp b\u1eb1ng Ti\u1ebfng Anh\/ Ti\u1ebfng Trung Qu\u1ed1c \u1edf m\u1ee9c \u0111\u1ed9 th\u00e0nh th\u1ea1o trong c\u00e1c t\u00ecnh hu\u1ed1ng giao ti\u1ebfp x\u00e3 h\u1ed9i v\u00e0 chuy\u00ean m\u00f4n th\u00f4ng th\u01b0\u1eddng. B\u00ean c\u1ea1nh \u0111\u00f3, ch\u01b0\u01a1ng tr\u00ecnh c\u00f2n trang b\u1ecb cho sinh vi\u00ean k\u1ef9 n\u0103ng bi\u00ean d\u1ecbch, phi\u00ean d\u1ecbch chuy\u00ean s\u00e2u, \u0111\u1ea3m b\u1ea3o cho sinh vi\u00ean th\u1ef1c hi\u1ec7n t\u1ed1t c\u00f4ng t\u00e1c bi\u00ean, phi\u00ean d\u1ecbch cho c\u00e1c doanh nghi\u1ec7p trong &#8211; ngo\u00e0i n\u01b0\u1edbc, c\u00f4ng ty, nh\u00e0 m\u00e1y, c\u00e1c d\u1ef1 \u00e1n, c\u00e1c t\u1ed5 ch\u1ee9c, c\u00e1c c\u01a1 s\u1edf kinh doanh v\u00e0 c\u00e1c l\u0129nh v\u1ef1c c\u00f3 li\u00ean quan \u0111\u1ebfn Ti\u1ebfng Anh\/ Ti\u1ebfng Trung Qu\u1ed1c.<\/p>\n<p style=\"text-align: left;\">+ Tr\u00ecnh \u0111\u1ed9 ngo\u1ea1i ng\u1eef \u0111\u1ea1t \u0111\u01b0\u1ee3c<\/p>\n<p style=\"text-align: left;\">N\u0103ng l\u1ef1c ti\u1ebfng Anh khi t\u1ed1t nghi\u1ec7p \u0111\u1ea1t c\u1ea5p \u0111\u1ed9 C1 (khung n\u0103ng l\u1ef1c ngo\u1ea1i ng\u1eef\u00a0 6 b\u1eadc d\u00f9ng cho Vi\u1ec7t Nam)<\/p>\n<p style=\"text-align: left;\">N\u0103ng l\u1ef1c ti\u1ebfng Trung Qu\u1ed1c khi t\u1ed1t nghi\u1ec7p \u0111\u1ea1t c\u1ea5p \u0111\u1ed9 HSK4 (khung n\u0103ng l\u1ef1c ngo\u1ea1i ng\u1eef\u00a0 6 b\u1eadc d\u00f9ng cho Vi\u1ec7t Nam)<\/p>\n<p style=\"text-align: left;\">+ Tr\u00ecnh \u0111\u1ed9 tin h\u1ecdc \u0111\u1ea1t \u0111\u01b0\u1ee3c: Khi t\u1ed1t nghi\u1ec7p \u0111\u1ea1t tr\u00ecnh \u0111\u1ed9 tin h\u1ecdc v\u0103n ph\u00f2ng theo chu\u1ea9n MOS<\/p>\n<h3 style=\"text-align: left;\">Ph\u01b0\u01a1ng th\u1ee9c tuy\u1ec3n sinh<\/h3>\n<p style=\"text-align: left;\">+ X\u00e9t tuy\u1ec3n d\u1ef1a v\u00e0o k\u1ebft qu\u1ea3 k\u1ef3 thi t\u1ed1t nghi\u1ec7p THPT: Th\u00ed sinh tham d\u1ef1 k\u1ef3 thi t\u1ed1t nghi\u1ec7p THPT c\u00f3 t\u1ed5ng \u0111i\u1ec3m k\u1ebft qu\u1ea3 thi c\u1ee7a 3 m\u00f4n thi trong t\u1ed5 h\u1ee3p c\u00e1c m\u00f4n x\u00e9t tuy\u1ec3n \u0111\u1ea1t ng\u01b0\u1ee1ng \u0111\u1ea3m b\u1ea3o ch\u1ea5t l\u01b0\u1ee3ng \u0111\u1ea7u v\u00e0o. Nh\u00e0 tr\u01b0\u1eddng s\u1ebd c\u00f4ng b\u1ed1 m\u1ee9c \u0111i\u1ec3m nh\u1eadn h\u1ed3 s\u01a1 \u0111\u0103ng k\u00fd x\u00e9t tuy\u1ec3n theo t\u1eebng \u0111\u1ee3t x\u00e9t tuy\u1ec3n.<\/p>\n<p style=\"text-align: left;\">+ X\u00e9t tuy\u1ec3n d\u1ef1a v\u00e0o k\u1ebft qu\u1ea3 h\u1ecdc t\u1eadp THPT: Th\u00ed sinh t\u1ed1t nghi\u1ec7p THPT trong n\u0103m ho\u1eb7c t\u1ed1t nghi\u1ec7p THPT n\u0103m\u00a0 tr\u1edf v\u1ec1 tr\u01b0\u1edbc, x\u00e9t tuy\u1ec3n theo t\u1ed5ng \u0111i\u1ec3m trung b\u00ecnh c\u1ea3 n\u0103m h\u1ecdc l\u1edbp 12 c\u1ee7a 3 m\u00f4n h\u1ecdc theo t\u1ed5 h\u1ee3p m\u00f4n \u0111\u0103ng k\u00fd x\u00e9t tuy\u1ec3n.<\/p>\n<p style=\"text-align: left;\">&#8211; Th\u00ed sinh c\u00f3 th\u1ec3 \u0111\u0103ng k\u00fd x\u00e9t tuy\u1ec3n online t\u1ea1i website: www.vui.edu.vn<\/p>\n<h3 style=\"text-align: left;\">C\u00e1c chuy\u00ean ng\u00e0nh \u0111\u00e0o t\u1ea1o<\/h3>\n<table style=\"height: 498px;\" width=\"600\">\n<tbody>\n<tr>\n<td width=\"90\">M\u00e3 ng\u00e0nh<\/td>\n<td width=\"239\">C\u00e1c chuy\u00ean ng\u00e0nh \u0111\u00e0o t\u1ea1o<\/td>\n<td width=\"168\">T\u1ed5 h\u1ee3p c\u00e1c m\u00f4n<br \/>\nx\u00e9t tuy\u1ec3n<\/td>\n<td width=\"132\">B\u1eb1ng c\u1ea5p v\u00e0 th\u1eddi<br \/>\ngian \u0111\u00e0o t\u1ea1o<\/td>\n<\/tr>\n<tr>\n<td width=\"90\">7220201<\/td>\n<td width=\"239\">\u00a0\u00a0\u00a0\u00a0 \u00a0\u00a0 \u00a0Ng\u00f4n Ng\u1eef Anh<\/td>\n<td width=\"168\">1. To\u00e1n, V\u0103n, Anh;<br \/>\n2. V\u0103n,\u00a0\u00a0 Anh,\u00a0\u00a0 S\u1eed.<br \/>\n3. To\u00e1n, L\u00fd, Anh<br \/>\n4. To\u00e1n, H\u00f3a, Anh<\/td>\n<td width=\"132\">C\u1eed nh\u00e2n, th\u1eddi gian \u0111\u00e0o t\u1ea1o 4 n\u0103m<\/td>\n<\/tr>\n<tr>\n<td width=\"90\">7220204<\/td>\n<td width=\"239\">\u00a0\u00a0\u00a0\u00a0 \u00a0\u00a0 \u00a0 Ng\u00f4n ng\u1eef Trung Qu\u1ed1c<\/td>\n<td width=\"168\">1. To\u00e1n, V\u0103n, Ti\u1ebfng Anh;<\/p>\n<p>2. To\u00e1n, Anh, Tin;<\/p>\n<p>3. V\u0103n, Anh, S\u1eed;<\/p>\n<p>4. V\u0103n, Anh, \u0110\u1ecba;<\/p>\n<p>5. V\u0103n, Anh, Tin;<\/p>\n<p>6. To\u00e1n, V\u0103n, Ti\u1ebfng Trung;<\/p>\n<p>7. V\u0103n, Anh, GDKTPL<\/td>\n<td width=\"132\">C\u1eed nh\u00e2n, th\u1eddi gian \u0111\u00e0o t\u1ea1o 4 n\u0103m<\/td>\n<\/tr>\n<\/tbody>\n<\/table>\n<\/div>\n<div class=\"row row-large\"  id=\"row-2102022881\">\n<div class=\"col medium-6 small-12 large-6\"  ><div class=\"col-inner\"  >\n\t<div class=\"img has-hover x md-x lg-x y md-y lg-y\" id=\"image_768180258\">\n\t\t\t\t\t\t\t\t<div class=\"img-inner dark\" >\n\t\t\t\t\t\t\t\t\t\n\t\t\t\t\t<\/div>\n\t\t\t\t\t\t\t\t\n<style scope=\"scope\">\n\n#image_768180258 {\n  width: 100%;\n}\n<\/style>\n\t<\/div>\n\t\n<p><strong><span style=\"color: #ff6600;\">\u0110\u1ecba ch\u1ec9 li\u00ean h\u1ec7<\/span><\/strong><br \/><span style=\"font-size: 100%;\"><strong><span style=\"color: #ff6600;\">V\u0103n ph\u00f2ng:<\/span> <\/strong>101N1 &#8211; C\u01a1 s\u1edf Vi\u1ec7t Tr\u00ec<br \/>S\u1ed1 9 &#8211; ph\u01b0\u1eddng Thanh Mi\u1ebfu &#8211; t\u1ec9nh Ph\u00fa Th\u1ecd<br \/><\/span><strong><span style=\"color: #ff6600;\">\u0110i\u1ec7n tho\u1ea1i:<\/span>\u00a0<\/strong>+84 919684292<br \/><span style=\"color: #ff6600;\"><strong>Email: <\/strong><\/span>khngoaingu@vui.edu.vn<br \/><strong><span style=\"color: #ff6600;\">Website:<\/span><\/strong><a href=\"http:\/\/117.4.34.222:8080\/khoangoaingu.vui.edu.vn\/\"> www.khoangoaingu.vui.edu.vn<\/a><br \/><span style=\"color: #ff6600;\"><strong> Facebook: <\/strong><\/span><a href=\"https:\/\/www.facebook.com\/khoangoaingu.vui.edu.vn\">facebook.com\/khoangoaingu.vui.edu.vn<\/a><\/p>\n<\/div><\/div>\n<div class=\"col medium-6 small-12 large-6\"  ><div class=\"col-inner\"  >\n<p><strong><span style=\"color: #ff6600;\">Qu\u1ea3n l\u00fd khoa<\/span><\/strong><br \/>\n<strong>Ph\u00f3 Tr\u01b0\u1edfng khoa: <\/strong>NCS. Nguy\u1ec5n Xu\u00e2n Long<br \/>\nDi \u0111\u1ed9ng: 0919 684 292<br \/>\nEmail: xuanlong802000@gmail.com<br \/>\n<strong>Ph\u00f3 khoa: <\/strong>ThS. Nguy\u1ec5n Th\u1ecb Hu\u1ec7<br \/>\nDi \u0111\u1ed9ng: 0399 543 976<br \/>\nEmail: huent@gmail.com<\/p>\n<\/div><\/div>\n\n<style scope=\"scope\">\n\n<\/style>\n<\/div><\/div>\n","protected":false},"excerpt":{"rendered":"<p>GI\u1edaI THI\u1ec6U CHUNG V\u1ec0 KHOA C\u00c1C B\u1ed8 M\u00d4N TR\u1ef0C THU\u1ed8C Ti\u1ebfng Anh chuy\u00ean ng\u00e0nh \u2013 Ph\u00f3 Tr\u01b0\u1edfng b\u1ed9 m\u00f4n: ThS. Nguy\u1ec5n Th\u1ecb Nhung. Ti\u1ebfng Anh c\u01a1 s\u1edf &#8211; Ph\u00f3 Tr\u01b0\u1edfng b\u1ed9 m\u00f4n: ThS. Tr\u1ea7n Th\u1ecb Ph\u01b0\u01a1ng Lan L\u1ecaCH S\u1eec H\u00ccNH TH\u00c0NH V\u00c0 PH\u00c1T TRI\u1ec2N B\u1ed9 m\u00f4n Ti\u1ebfng Anh thu\u1ed9c Khoa Khoa h\u1ecdc C\u01a1 b\u1ea3n, Trung&#8230;<\/p>\n","protected":false},"author":2,"featured_media":0,"parent":0,"menu_order":0,"comment_status":"closed","ping_status":"closed","template":"","meta":{"footnotes":""},"_links":{"self":[{"href":"http:\/\/14.224.197.18:8080\/khoangoaingu.vui.edu.vn\/wp-json\/wp\/v2\/pages\/13"}],"collection":[{"href":"http:\/\/14.224.197.18:8080\/khoangoaingu.vui.edu.vn\/wp-json\/wp\/v2\/pages"}],"about":[{"href":"http:\/\/14.224.197.18:8080\/khoangoaingu.vui.edu.vn\/wp-json\/wp\/v2\/types\/page"}],"author":[{"embeddable":true,"href":"http:\/\/14.224.197.18:8080\/khoangoaingu.vui.edu.vn\/wp-json\/wp\/v2\/users\/2"}],"replies":[{"embeddable":true,"href":"http:\/\/14.224.197.18:8080\/khoangoaingu.vui.edu.vn\/wp-json\/wp\/v2\/comments?post=13"}],"version-history":[{"count":45,"href":"http:\/\/14.224.197.18:8080\/khoangoaingu.vui.edu.vn\/wp-json\/wp\/v2\/pages\/13\/revisions"}],"predecessor-version":[{"id":1164,"href":"http:\/\/14.224.197.18:8080\/khoangoaingu.vui.edu.vn\/wp-json\/wp\/v2\/pages\/13\/revisions\/1164"}],"wp:attachment":[{"href":"http:\/\/14.224.197.18:8080\/khoangoaingu.vui.edu.vn\/wp-json\/wp\/v2\/media?parent=13"}],"curies":[{"name":"wp","href":"https:\/\/api.w.org\/{rel}","templated":true}]}}